
{"id":13644,"date":"2009-05-01T17:42:35","date_gmt":"2009-05-01T17:42:35","guid":{"rendered":"https:\/\/www.suwena.net\/vene\/"},"modified":"2025-07-17T09:03:44","modified_gmt":"2025-07-17T09:03:44","slug":"vene","status":"publish","type":"page","link":"https:\/\/www.suwena.net\/fi\/vene\/","title":{"rendered":"Vene"},"content":{"rendered":"<p>Veneemme nimi on Suwena. Suwenan nimi l\u00f6ytyi sattumalta Phuketissa Thaimaassa. Olimme tilaamassa kalaravintolassa pizzaa merenel\u00e4vill\u00e4, kun Andrus huomasi tarjoilijattaren nimikyltiss\u00e4 h\u00e4nen nimens\u00e4, Suweena. Kun hetke\u00e4 aiemmin olimme keskustelleet juuri tulevan veneemme nimest\u00e4, niin palaset loksahtivat heti kohdalleen.<\/p>\n<p>Ihastuimme nimeen heti, sill\u00e4 Suomessa veneelle onnea tuottava nimi on naisen nimi, joka koostuu kolmesta tavusta ja p\u00e4\u00e4ttyy a-kirjaimeen, Su-we-na. Nimess\u00e4 meit\u00e4 vieh\u00e4tti my\u00f6s sen pehmoisuus ja tietysti nimen l\u00e4heinen viittaus Suomen suveen. Seilaammehan vesill\u00e4 vain suvena.<br \/>\n<figure id=\"attachment_13640\" aria-describedby=\"caption-attachment-13640\" style=\"width: 1400px\" class=\"wp-caption alignnone\"><a href=\"https:\/\/www.suwena.net\/wp-content\/uploads\/2009\/05\/IMG_3654f.JPG\"><img loading=\"lazy\" class=\"size-full wp-image-13640\" src=\"https:\/\/www.suwena.net\/wp-content\/uploads\/2009\/05\/IMG_3654f.JPG\" alt=\"Suwena ankkurissa L\u00e5dna laguunilla\" width=\"1400\" height=\"787\" srcset=\"https:\/\/www.suwena.net\/wp-content\/uploads\/2009\/05\/IMG_3654f.JPG 3840w, https:\/\/www.suwena.net\/wp-content\/uploads\/2009\/05\/IMG_3654f-300x169.jpg 300w, https:\/\/www.suwena.net\/wp-content\/uploads\/2009\/05\/IMG_3654f-768x432.jpg 768w, https:\/\/www.suwena.net\/wp-content\/uploads\/2009\/05\/IMG_3654f-1440x810.jpg 1440w\" sizes=\"(max-width: 1400px) 100vw, 1400px\" \/><\/a><figcaption id=\"caption-attachment-13640\" class=\"wp-caption-text\">Suwena ankkurissa L\u00e5dna laguunilla<\/figcaption><\/figure><br \/>\nSuwenamme on Nauticat 441 purjevene. Nauticat veneet r\u00e4\u00e4t\u00e4l\u00f6id\u00e4\u00e4n aina asiakkaan toiveiden mukaan. Me halusimme veneest\u00e4mme eritt\u00e4in asuttavan, viihtyis\u00e4n sek\u00e4 valtamerikelpoisen.<\/p>\n<p>Suwena on 2-mastoinen ketsirikattu purjevene, jonka isomaston korkeus on 17,5 metri\u00e4. Suwenan purjepinta-ala on 88.7 m2, joka jakautuu: rullaiso 26,5 m2, rullagenoa 51 m2 ja rullamesaani 11,2 m2. Lis\u00e4ksi purjevarustukseen kuuluvat genaakkeri 114 m2 ja myrskyfokka 13 m2.<br \/>\n<figure id=\"attachment_15636\" aria-describedby=\"caption-attachment-15636\" style=\"width: 1440px\" class=\"wp-caption alignnone\"><a href=\"https:\/\/www.suwena.net\/wp-content\/uploads\/2020\/02\/P1090707.jpeg\"><img loading=\"lazy\" width=\"1440\" height=\"810\" src=\"https:\/\/www.suwena.net\/wp-content\/uploads\/2020\/02\/P1090707-1440x810.jpeg\" alt=\"Suwena purjehtimassa Skotlannissa\" class=\"size-featured-blog-large wp-image-15636\" srcset=\"https:\/\/www.suwena.net\/wp-content\/uploads\/2020\/02\/P1090707-1440x810.jpeg 1440w, https:\/\/www.suwena.net\/wp-content\/uploads\/2020\/02\/P1090707-768x432.jpeg 768w, https:\/\/www.suwena.net\/wp-content\/uploads\/2020\/02\/P1090707-300x169.jpeg 300w, https:\/\/www.suwena.net\/wp-content\/uploads\/2020\/02\/P1090707-1536x864.jpeg 1536w, https:\/\/www.suwena.net\/wp-content\/uploads\/2020\/02\/P1090707-2048x1152.jpeg 2048w\" sizes=\"(max-width: 1440px) 100vw, 1440px\" \/><\/a><figcaption id=\"caption-attachment-15636\" class=\"wp-caption-text\">Suwena purjehtimassa Skotlannissa<\/figcaption><\/figure><br \/>\nRunkomuodoltaan Suwena on pitk\u00e4k\u00f6linen ja purjeiden vastapainona on 5,5 tonninen lyijyk\u00f6li. Kaikkine varusteineen Suwenan kokonaispaino on noin 20 tonnia ja sen kokonaispituus on 14,5 metri\u00e4 ja leveys 3,7 metri\u00e4.<\/p>\n<p>Suwena veneeseemme voit tarkemmin tutustua <a href=\"\/fi\/seasons\/nauticat-441-fi?order=asc\">Nauticat 441<\/a> sivulta, jonka alusta l\u00f6yd\u00e4t 5-osaisen trilogian uuden Suwena veneemme etsinn\u00e4st\u00e4 ja valinnasta. Sit\u00e4 seuraa veneen rakentaminen vaihe vaiheelta, monet tekniset jutut ja muuta syv\u00e4llisemp\u00e4\u00e4 tietoa Suwenaan liittyen.<\/p>\n<p>Nauticat 441 on sis\u00e4ohjaamo vene. Suwenaa voi t\u00e4ysin ohjata ja navigoida sek\u00e4 ulkoa takakannelta ett\u00e4 sis\u00e4ohjaamosta. Toki purjeet s\u00e4\u00e4det\u00e4\u00e4n aina vain takakannelta k\u00e4sin.<br \/>\n<figure id=\"attachment_12557\" aria-describedby=\"caption-attachment-12557\" style=\"width: 1440px\" class=\"wp-caption alignnone\"><a href=\"https:\/\/www.suwena.net\/wp-content\/uploads\/2017\/06\/P1290920.jpg\"><img loading=\"lazy\" width=\"1440\" height=\"810\" src=\"https:\/\/www.suwena.net\/wp-content\/uploads\/2017\/06\/P1290920-1440x810.jpg\" alt=\"Eve kirjoittaa blogia matkalla Crouestyn satamaan Bretagnessa\" class=\"size-featured-blog-large wp-image-12557\" srcset=\"https:\/\/www.suwena.net\/wp-content\/uploads\/2017\/06\/P1290920-1440x810.jpg 1440w, https:\/\/www.suwena.net\/wp-content\/uploads\/2017\/06\/P1290920-300x169.jpg 300w, https:\/\/www.suwena.net\/wp-content\/uploads\/2017\/06\/P1290920-768x432.jpg 768w\" sizes=\"(max-width: 1440px) 100vw, 1440px\" \/><\/a><figcaption id=\"caption-attachment-12557\" class=\"wp-caption-text\">Eve kirjoittaa blogia matkalla Crouestyn satamaan Bretagnessa<\/figcaption><\/figure><br \/>\n<figure id=\"attachment_1914\" aria-describedby=\"caption-attachment-1914\" style=\"width: 1400px\" class=\"wp-caption alignnone\"><a href=\"https:\/\/www.suwena.net\/wp-content\/uploads\/2011\/02\/441_028.png\"><img loading=\"lazy\" class=\"size-full wp-image-1914\" src=\"https:\/\/www.suwena.net\/wp-content\/uploads\/2011\/02\/441_028.png\" alt=\"Suwenan pohjapiirrustus\" width=\"1400\" height=\"568\" srcset=\"https:\/\/www.suwena.net\/wp-content\/uploads\/2011\/02\/441_028.png 1400w, https:\/\/www.suwena.net\/wp-content\/uploads\/2011\/02\/441_028-300x122.png 300w, https:\/\/www.suwena.net\/wp-content\/uploads\/2011\/02\/441_028-768x312.png 768w\" sizes=\"(max-width: 1400px) 100vw, 1400px\" \/><\/a><figcaption id=\"caption-attachment-1914\" class=\"wp-caption-text\">Suwenan pohjapiirrustus<\/figcaption><\/figure><br \/>\nSalongissa on isot ikkunat, joka tekee veneest\u00e4 viihtyis\u00e4n ja valoisan. Yhdess\u00e4 suuren U-sohvan, ohjauspisteen sek\u00e4 helppokulkuisten sivuovien ansiosta, salonki on tilava oleskelualue. Sek\u00e4 keulassa ett\u00e4 per\u00e4ss\u00e4 ovat tilavat 2-hengen kajuutat. Keitti\u00f6 on joka kodin syd\u00e4n, ja me aiomme viett\u00e4\u00e4 veneell\u00e4 pitki\u00e4 jaksoja, joten Suwenan u-keitti\u00f6ss\u00e4 on monipuolinen varustus. Pentterin vieress\u00e4 on kotoisa dinetti toimien ruokailutilana, ty\u00f6pisteen\u00e4 tai keskilaivan myrskybunkkana.<\/p>\n<h2>Suwena vuosina 2008-2010<\/h2>\n<p><a href=\"\/fi\/2008-2010-skorgenes-335-fly\/\">Ensimm\u00e4inen Suwena veneemme oli Skorgenes 335<\/a> moottorivene, jolla seilasimme yli 3000 merimailia vuosina 2008-2010 Suomessa ja Virossa.<br \/>\n<figure id=\"attachment_13865\" aria-describedby=\"caption-attachment-13865\" style=\"width: 1440px\" class=\"wp-caption alignnone\"><a href=\"https:\/\/www.suwena.net\/wp-content\/uploads\/2011\/01\/IMG_0685a.JPG\"><img loading=\"lazy\" width=\"1440\" height=\"810\" src=\"https:\/\/www.suwena.net\/wp-content\/uploads\/2011\/01\/IMG_0685a-1440x810.jpg\" alt=\"Suwena ankkurissa Villingin Kyl\u00e4nlahdella\" class=\"size-featured-blog-large wp-image-13865\" srcset=\"https:\/\/www.suwena.net\/wp-content\/uploads\/2011\/01\/IMG_0685a-1440x810.jpg 1440w, https:\/\/www.suwena.net\/wp-content\/uploads\/2011\/01\/IMG_0685a-300x169.jpg 300w, https:\/\/www.suwena.net\/wp-content\/uploads\/2011\/01\/IMG_0685a-766x432.jpg 766w, https:\/\/www.suwena.net\/wp-content\/uploads\/2011\/01\/IMG_0685a-768x432.jpg 768w\" sizes=\"(max-width: 1440px) 100vw, 1440px\" \/><\/a><figcaption id=\"caption-attachment-13865\" class=\"wp-caption-text\">Suwena ankkurissa Villingin Kyl\u00e4nlahdella<\/figcaption><\/figure><\/p>\n","protected":false},"excerpt":{"rendered":"<p>Veneemme nimi on Suwena. Suwenan nimi l\u00f6ytyi sattumalta Phuketissa Thaimaassa. Olimme tilaamassa kalaravintolassa pizzaa merenel\u00e4vill\u00e4, kun Andrus huomasi tarjoilijattaren nimikyltiss\u00e4 h\u00e4nen nimens\u00e4, Suweena. Kun hetke\u00e4 aiemmin olimme keskustelleet juuri tulevan veneemme nimest\u00e4, niin palaset loksahtivat heti kohdalleen. Ihastuimme nimeen heti,<\/p>\n","protected":false},"author":1,"featured_media":2596,"parent":0,"menu_order":0,"comment_status":"open","ping_status":"closed","template":"","meta":[],"_links":{"self":[{"href":"https:\/\/www.suwena.net\/fi\/wp-json\/wp\/v2\/pages\/13644"}],"collection":[{"href":"https:\/\/www.suwena.net\/fi\/wp-json\/wp\/v2\/pages"}],"about":[{"href":"https:\/\/www.suwena.net\/fi\/wp-json\/wp\/v2\/types\/page"}],"author":[{"embeddable":true,"href":"https:\/\/www.suwena.net\/fi\/wp-json\/wp\/v2\/users\/1"}],"replies":[{"embeddable":true,"href":"https:\/\/www.suwena.net\/fi\/wp-json\/wp\/v2\/comments?post=13644"}],"version-history":[{"count":1,"href":"https:\/\/www.suwena.net\/fi\/wp-json\/wp\/v2\/pages\/13644\/revisions"}],"predecessor-version":[{"id":17552,"href":"https:\/\/www.suwena.net\/fi\/wp-json\/wp\/v2\/pages\/13644\/revisions\/17552"}],"wp:featuredmedia":[{"embeddable":true,"href":"https:\/\/www.suwena.net\/fi\/wp-json\/wp\/v2\/media\/2596"}],"wp:attachment":[{"href":"https:\/\/www.suwena.net\/fi\/wp-json\/wp\/v2\/media?parent=13644"}],"curies":[{"name":"wp","href":"https:\/\/api.w.org\/{rel}","templated":true}]}}