
{"id":13765,"date":"2009-05-02T17:01:07","date_gmt":"2009-05-02T17:01:07","guid":{"rendered":"https:\/\/www.suwena.net\/miehisto\/"},"modified":"2025-07-29T12:17:40","modified_gmt":"2025-07-29T12:17:40","slug":"miehisto","status":"publish","type":"page","link":"https:\/\/www.suwena.net\/fi\/miehisto\/","title":{"rendered":"Miehist\u00f6"},"content":{"rendered":"<div style=\"font-style: italic; margin-left: 80px; padding-top: 20px; padding-bottom: 20px;\">\nKahdenkymmenen vuoden p\u00e4\u00e4st\u00e4 sinua harmittaa enemm\u00e4n se, mit\u00e4 et tehnyt, kuin se, mit\u00e4 teit. Irrota siis k\u00f6ydet. Purjehdi pois turvallisesta satamasta. Anna pasaatituulen tarttua purjeisiisi. Tutki. Unelmoi. L\u00f6yd\u00e4. &mdash; Mark Twain\n<\/div>\n<p>Suwena.net on Even ja Andrusin purjehdusblogi seikkailuistamme Suwena veneell\u00e4. Veneblogilla haluamme jakaa kokemuksia el\u00e4m\u00e4ntavastamme kaikkien yst\u00e4vien, vieraiden ja purjehduksesta kiinnostuneiden kanssa.<br \/>\n<figure id=\"attachment_9063\" aria-describedby=\"caption-attachment-9063\" style=\"width: 1440px\" class=\"wp-caption alignnone\"><a href=\"https:\/\/www.suwena.net\/wp-content\/uploads\/2014\/11\/P1090911g.jpg\"><img loading=\"lazy\" width=\"1440\" height=\"810\" src=\"https:\/\/www.suwena.net\/wp-content\/uploads\/2014\/11\/P1090911g-1440x810.jpg\" alt=\"Eve ja Andrus Tobermoryssa Skotlannissa\" class=\"size-featured-blog-large wp-image-9063\" srcset=\"https:\/\/www.suwena.net\/wp-content\/uploads\/2014\/11\/P1090911g-1440x810.jpg 1440w, https:\/\/www.suwena.net\/wp-content\/uploads\/2014\/11\/P1090911g-300x169.jpg 300w, https:\/\/www.suwena.net\/wp-content\/uploads\/2014\/11\/P1090911g-768x432.jpg 768w\" sizes=\"(max-width: 1440px) 100vw, 1440px\" \/><\/a><figcaption id=\"caption-attachment-9063\" class=\"wp-caption-text\">Eve ja Andrus Tobermoryssa Skotlannissa<\/figcaption><\/figure><br \/>\nOlemme ty\u00f6skennelleet yhteisess\u00e4 yrityksess\u00e4mme jo monia vuosia. Yritt\u00e4jin\u00e4 p\u00e4iv\u00e4t ovat pitki\u00e4 ja ty\u00f6nt\u00e4yteisi\u00e4, ja sen vuoksi aikoinaan aloimme etsi\u00e4 uutta yhteist\u00e4 harrastusta hektisen ty\u00f6el\u00e4m\u00e4n vastapainoksi. Kipin\u00e4 veneilyyn syttyi jo vuonna 2007, jolloin opiskelimme veneilynsaloja ja innostus purjehdukseen kantaa yh\u00e4.<\/p>\n<p>Veneily alkoi, kun kes\u00e4ll\u00e4 2007 aurinkoisena sunnuntaiaamuna Andrus luki paikallisen rautakaupan mainosta ja esitti, ett\u00e4 \u201djospa ostamme pienen kumijollan Oulujoella retkeill\u00e4ksemme\u201d. T\u00e4m\u00e4 unohtui hetkeksi. Kuitenkin kuukautta my\u00f6hemmin l\u00f6ysimme itsemme Helsingin uivasta venen\u00e4yttelyst\u00e4 katselemassa veneit\u00e4.<\/p>\n<p>Monien vaiheiden j\u00e4lkeen laskimme kev\u00e4\u00e4ll\u00e4 2008 vesille upouuden Skorgenes Sonic 335 moottoriveneen ja kastoimme h\u00e4net <a href=\" \/fi\/2008-2010-skorgenes-335-fly\">Suwenaksi<\/a>. Ensimm\u00e4isell\u00e4 Suwenalla seilasimme 3000 merimailia kolme ikimuistoista kes\u00e4\u00e4 Suomessa ja sen l\u00e4hivesill\u00e4. <\/p>\n<p>Veneily tosiaan vei meilt\u00e4 syd\u00e4men. Huomasimme todella pit\u00e4v\u00e4mme matkaveneilyst\u00e4, niinp\u00e4 into purjehtia yh\u00e4 kauemmas kasvoi.<\/p>\n<p>Toukokuussa 2011 laskimme Turussa vesille uuden purjevene Suwenan, mallia Nauticat 441. Suwena on pitk\u00e4k\u00f6linen sis\u00e4ohjaamollinen purjevene joka varustettiin valtamerikelpoiseksi ja sill\u00e4 voi purjehtia It\u00e4merell\u00e4, V\u00e4limerell\u00e4 tai vaikkapa Atlantin yli. Suwenan tarkempi kuvaus l\u00f6ytyy <a href=\"\/fi\/vene\">vene sivulta<\/a>.<br \/>\n<figure id=\"attachment_15624\" aria-describedby=\"caption-attachment-15624\" style=\"width: 1440px\" class=\"wp-caption alignnone\"><a href=\"https:\/\/www.suwena.net\/wp-content\/uploads\/2020\/02\/IMG_4907.jpeg\"><img loading=\"lazy\" width=\"1440\" height=\"810\" src=\"https:\/\/www.suwena.net\/wp-content\/uploads\/2020\/02\/IMG_4907-1440x810.jpeg\" alt=\"Andrus esittelee kannen turvavarusteita etel\u00e4isell\u00e4 It\u00e4merell\u00e4\" class=\"size-featured-blog-large wp-image-15624\" srcset=\"https:\/\/www.suwena.net\/wp-content\/uploads\/2020\/02\/IMG_4907-1440x810.jpeg 1440w, https:\/\/www.suwena.net\/wp-content\/uploads\/2020\/02\/IMG_4907-768x432.jpeg 768w, https:\/\/www.suwena.net\/wp-content\/uploads\/2020\/02\/IMG_4907-300x169.jpeg 300w, https:\/\/www.suwena.net\/wp-content\/uploads\/2020\/02\/IMG_4907-1536x863.jpeg 1536w, https:\/\/www.suwena.net\/wp-content\/uploads\/2020\/02\/IMG_4907-2048x1150.jpeg 2048w\" sizes=\"(max-width: 1440px) 100vw, 1440px\" \/><\/a><figcaption id=\"caption-attachment-15624\" class=\"wp-caption-text\">Andrus esittelee kannen turvavarusteita etel\u00e4isell\u00e4 It\u00e4merell\u00e4<\/figcaption><\/figure><br \/>\nSuwena aloitti maailmanmatkansa kev\u00e4\u00e4ll\u00e4 2012, jolloin l\u00e4hdimme Suomesta kohti etel\u00e4ist\u00e4 It\u00e4merta. Ajatuksenamme on, ett\u00e4 purjehdimme kes\u00e4isin aina uudelle vesialueelle, johon sitten tutustumme tarkemmin ja rauhassa. Meist\u00e4 on mielenkiintoista seurata paikallista el\u00e4m\u00e4ntyyli\u00e4 ja olla hetki osana sit\u00e4. Euroopassa yksist\u00e4\u00e4n on jo niin paljon n\u00e4ht\u00e4v\u00e4\u00e4 ja eroja ihan maakuntakohtaisesti joka maassa, ett\u00e4 meill\u00e4 tutkittavaa riitt\u00e4\u00e4.  Veneilykauden p\u00e4\u00e4tteeksi Suwena j\u00e4\u00e4 talvehtimaan aina uuteen satamaan ja odottamaan meit\u00e4 ja paluutamme veneelle seuraavan veneilykauden uudet matkakohteet mieless\u00e4mme.<\/p>\n<p>T\u00e4h\u00e4n menness\u00e4 olemme seilanneet 21 maassa, kahdella mantereella, It\u00e4meren, Pohjanmeren, Pohjois-Atlantin ja V\u00e4limeren rannoilla. Kaikkien 18 veneilykauden aikana vett\u00e4 on k\u00f6lin alta virrannut yhteens\u00e4 yli 12000 merimailin verran. Kaudella 2023 purjehdimme Euroopan lounaiskulman, C\u00e3bo de Vicenten niemen ymp\u00e4ri ja suuntasimme Suwenan kokan vasemmalle, kohti V\u00e4limerta, jossa aiomme purjehtia usean vuoden ajan. Purjehdusreittimme karttoineen l\u00f6yd\u00e4t <a href=\"\/fi\/matka\">matka sivulta<\/a>.<br \/>\n<figure id=\"attachment_15566\" aria-describedby=\"caption-attachment-15566\" style=\"width: 1440px\" class=\"wp-caption alignnone\"><a href=\"https:\/\/www.suwena.net\/wp-content\/uploads\/2020\/02\/P1280829.jpeg\"><img loading=\"lazy\" width=\"1440\" height=\"810\" src=\"https:\/\/www.suwena.net\/wp-content\/uploads\/2020\/02\/P1280829-1440x810.jpeg\" alt=\"Eve s\u00e4\u00e4t\u00e4m\u00e4ss\u00e4 genoaa Bretagnen rannikolla\" class=\"size-featured-blog-large wp-image-15566\" srcset=\"https:\/\/www.suwena.net\/wp-content\/uploads\/2020\/02\/P1280829-1440x810.jpeg 1440w, https:\/\/www.suwena.net\/wp-content\/uploads\/2020\/02\/P1280829-768x432.jpeg 768w, https:\/\/www.suwena.net\/wp-content\/uploads\/2020\/02\/P1280829-300x169.jpeg 300w, https:\/\/www.suwena.net\/wp-content\/uploads\/2020\/02\/P1280829-1536x864.jpeg 1536w, https:\/\/www.suwena.net\/wp-content\/uploads\/2020\/02\/P1280829-2048x1152.jpeg 2048w\" sizes=\"(max-width: 1440px) 100vw, 1440px\" \/><\/a><figcaption id=\"caption-attachment-15566\" class=\"wp-caption-text\">Eve s\u00e4\u00e4t\u00e4m\u00e4ss\u00e4 genoaa Bretagnen rannikolla<\/figcaption><\/figure><br \/>\n<figure id=\"attachment_12139\" aria-describedby=\"caption-attachment-12139\" style=\"width: 1440px\" class=\"wp-caption alignnone\"><a href=\"https:\/\/www.suwena.net\/wp-content\/uploads\/2017\/06\/P1290338.jpg\"><img loading=\"lazy\" width=\"1440\" height=\"810\" src=\"https:\/\/www.suwena.net\/wp-content\/uploads\/2017\/06\/P1290338-1440x810.jpg\" alt=\"Andrus Gl\u00e9nan saarilla Bretagnessa\" class=\"size-featured-blog-large wp-image-12139\" srcset=\"https:\/\/www.suwena.net\/wp-content\/uploads\/2017\/06\/P1290338-1440x810.jpg 1440w, https:\/\/www.suwena.net\/wp-content\/uploads\/2017\/06\/P1290338-300x169.jpg 300w, https:\/\/www.suwena.net\/wp-content\/uploads\/2017\/06\/P1290338-768x432.jpg 768w\" sizes=\"(max-width: 1440px) 100vw, 1440px\" \/><\/a><figcaption id=\"caption-attachment-12139\" class=\"wp-caption-text\">Andrus Gl\u00e9nan saarilla Bretagnessa<\/figcaption><\/figure><br \/>\nN\u00e4iden purjehdusvuosiemme aikana el\u00e4m\u00e4mme sai my\u00f6s uuden suunnan, kun muutimme asumaan Maltalle. Nyt kun reissaamme ty\u00f6n vuoksi Maltan, Suomen ja Aasian maiden v\u00e4li\u00e4, on purjehtiminen noussut entist\u00e4kin t\u00e4rke\u00e4mp\u00e4\u00e4n merkitykseen hyvinvointiamme ajatellen. <\/p>\n<p>Olemme Suomessa <a href=\"https:\/\/www.oulunmerenkavijat.fi\">Oulun Merenk\u00e4vij\u00e4t<\/a> veneseuran j\u00e4seni\u00e4 ja olemme my\u00f6s Maltalla liittyneet <a href=\"https:\/\/www.rmyc.org\">Royal Malta Yacht Clubin<\/a> ja <a href=\"http:\/\/maltacruisingclub.org\">Malta Cruising Clubin<\/a> j\u00e4seniksi, joista kaikista kolmesta olemme saaneet erinomaisia veneilyvinkkej\u00e4 ja ennen kaikkea monia hyvi\u00e4 yst\u00e4vi\u00e4.<\/p>\n<p>Merimiestaitoja olemme kartuttaneet k\u00e4yt\u00e4nn\u00f6nkokemuksen lis\u00e4ksi seuraavasti:<br \/>\nAndrus on suorittanut saaristo- ja rannikkolaivuritutkinnot, CEVNI sek\u00e4 rannikkolaivurin (SRC) ja avomerilaivurin (LRC) radiotutkinnot. Yhdess\u00e4 suoritimme Oulun Punaisen ristin ensiapukurssin. Syksyll\u00e4 2008 Andrukselle my\u00f6nnettiin kansainv\u00e4linen huviveneen kuljettajan p\u00e4tevyys. Talvella 2009 suoritimme molemmat purjehduksen peruskurssin Teneriffalla.<\/p>\n<p>N\u00e4iden lukuisien purjehdusvuosien j\u00e4lkeen meille on kehittynyt hyv\u00e4 yhteinen rytmi ja rutiini, sill\u00e4 purjehdimme p\u00e4\u00e4s\u00e4\u00e4nt\u00f6isesti kahdestaan. Kuten Eve kertoo hymyillen: \u201dMeill\u00e4 on puolentoista hengen miehist\u00f6 minun sokeuteni vuoksi\u201d Andrus Suwenan kipparina vastaa aluksen p\u00e4\u00e4llikkyydest\u00e4. Muutoin teemme kumpikin kaikkea paitsi, ett\u00e4 Eve ei toki voi olla vahdissa. Meille purjehduksen suola onkin juuri se, ett\u00e4 se on yhteist\u00e4 tekemist\u00e4 aina uusissa olosuhteissa.<br \/>\n<figure id=\"attachment_15626\" aria-describedby=\"caption-attachment-15626\" style=\"width: 1440px\" class=\"wp-caption alignnone\"><a href=\"https:\/\/www.suwena.net\/wp-content\/uploads\/2020\/02\/P1022124.jpeg\"><img loading=\"lazy\" width=\"1440\" height=\"810\" src=\"https:\/\/www.suwena.net\/wp-content\/uploads\/2020\/02\/P1022124-1440x810.jpeg\" alt=\"Andrus t\u00e4ydent\u00e4m\u00e4ss\u00e4 Suwenan varastoa Carami\u00f1alissa Galiciassa\" class=\"size-featured-blog-large wp-image-15626\" srcset=\"https:\/\/www.suwena.net\/wp-content\/uploads\/2020\/02\/P1022124-1440x810.jpeg 1440w, https:\/\/www.suwena.net\/wp-content\/uploads\/2020\/02\/P1022124-768x432.jpeg 768w, https:\/\/www.suwena.net\/wp-content\/uploads\/2020\/02\/P1022124-300x169.jpeg 300w, https:\/\/www.suwena.net\/wp-content\/uploads\/2020\/02\/P1022124-2048x1154.jpeg 2048w\" sizes=\"(max-width: 1440px) 100vw, 1440px\" \/><\/a><figcaption id=\"caption-attachment-15626\" class=\"wp-caption-text\">Andrus  t\u00e4ydent\u00e4m\u00e4ss\u00e4 Suwenan varastoa Carami\u00f1alissa Galiciassa<\/figcaption><\/figure><br \/>\n<figure id=\"attachment_13293\" aria-describedby=\"caption-attachment-13293\" style=\"width: 1440px\" class=\"wp-caption alignnone\"><a href=\"https:\/\/www.suwena.net\/wp-content\/uploads\/2018\/05\/P1004449.jpg\"><img loading=\"lazy\" width=\"1440\" height=\"810\" src=\"https:\/\/www.suwena.net\/wp-content\/uploads\/2018\/05\/P1004449-1440x810.jpg\" alt=\"Eve jollanpesulla Sadassa Espanjassa\" class=\"size-featured-blog-large wp-image-13293\" srcset=\"https:\/\/www.suwena.net\/wp-content\/uploads\/2018\/05\/P1004449-1440x810.jpg 1440w, https:\/\/www.suwena.net\/wp-content\/uploads\/2018\/05\/P1004449-300x169.jpg 300w, https:\/\/www.suwena.net\/wp-content\/uploads\/2018\/05\/P1004449-768x432.jpg 768w, https:\/\/www.suwena.net\/wp-content\/uploads\/2018\/05\/P1004449-1438x810.jpg 1438w\" sizes=\"(max-width: 1440px) 100vw, 1440px\" \/><\/a><figcaption id=\"caption-attachment-13293\" class=\"wp-caption-text\">Eve jollanpesulla Sadassa Espanjassa<\/figcaption><\/figure><br \/>\nN\u00e4in\u00e4 vuosina olemme kokeneet monia erilaisia merimiestilanteita niin merell\u00e4 kuin kanaaleillakin kuten Biskajan ylitys, y\u00f6purjehduksia, ristiaallokkoa, lukuisia sulkuja, Englannin kanaalin huikeat vuorovesivirrat ja -korkeusvaihtelut, hirmumyrskyn voimakkuudella puhaltavat tuulet talvella Skotlannissa jne. <\/p>\n<p>P\u00e4\u00e4osin matkapurjehdus on kuitenkin t\u00e4ynn\u00e4 rentouttavia ja mieleenpainuvia hetki\u00e4 veden liplattaessa k\u00f6li\u00e4 vasten ja ihania auringonlaskuja unohtamatta. T\u00e4rke\u00e4 osa on my\u00f6s sosiaalinen kanssak\u00e4yminen toisten purjehtijoiden kanssa. Mit\u00e4 yll\u00e4tt\u00e4vimmiss\u00e4 paikoissa l\u00f6ytyy uudet yst\u00e4v\u00e4t, joiden kanssa yhteys s\u00e4ilyy veneilykauden ulkopuolellakin.<\/p>\n<p>Eve ja Andrus<\/p>\n","protected":false},"excerpt":{"rendered":"<p>Kahdenkymmenen vuoden p\u00e4\u00e4st\u00e4 sinua harmittaa enemm\u00e4n se, mit\u00e4 et tehnyt, kuin se, mit\u00e4 teit. Irrota siis k\u00f6ydet. Purjehdi pois turvallisesta satamasta. Anna pasaatituulen tarttua purjeisiisi. Tutki. Unelmoi. L\u00f6yd\u00e4. &mdash; Mark Twain Suwena.net on Even ja Andrusin purjehdusblogi seikkailuistamme Suwena veneell\u00e4.<\/p>\n","protected":false},"author":1,"featured_media":0,"parent":0,"menu_order":0,"comment_status":"open","ping_status":"closed","template":"","meta":[],"_links":{"self":[{"href":"https:\/\/www.suwena.net\/fi\/wp-json\/wp\/v2\/pages\/13765"}],"collection":[{"href":"https:\/\/www.suwena.net\/fi\/wp-json\/wp\/v2\/pages"}],"about":[{"href":"https:\/\/www.suwena.net\/fi\/wp-json\/wp\/v2\/types\/page"}],"author":[{"embeddable":true,"href":"https:\/\/www.suwena.net\/fi\/wp-json\/wp\/v2\/users\/1"}],"replies":[{"embeddable":true,"href":"https:\/\/www.suwena.net\/fi\/wp-json\/wp\/v2\/comments?post=13765"}],"version-history":[{"count":9,"href":"https:\/\/www.suwena.net\/fi\/wp-json\/wp\/v2\/pages\/13765\/revisions"}],"predecessor-version":[{"id":17556,"href":"https:\/\/www.suwena.net\/fi\/wp-json\/wp\/v2\/pages\/13765\/revisions\/17556"}],"wp:attachment":[{"href":"https:\/\/www.suwena.net\/fi\/wp-json\/wp\/v2\/media?parent=13765"}],"curies":[{"name":"wp","href":"https:\/\/api.w.org\/{rel}","templated":true}]}}