
{"id":13795,"date":"2009-05-03T08:21:01","date_gmt":"2009-05-03T08:21:01","guid":{"rendered":"https:\/\/www.suwena.net\/pohjapiirrustus\/"},"modified":"2019-04-21T16:21:33","modified_gmt":"2019-04-21T16:21:33","slug":"pohjapiirrustus","status":"publish","type":"page","link":"https:\/\/www.suwena.net\/fi\/pohjapiirrustus\/","title":{"rendered":"Pohjapiirrustus"},"content":{"rendered":"<figure id=\"attachment_13773\" aria-describedby=\"caption-attachment-13773\" style=\"width: 260px\" class=\"wp-caption alignnone\"><a href=\"https:\/\/www.suwena.net\/wp-content\/uploads\/2009\/05\/Skorgenes-layout.png\"><img loading=\"lazy\" src=\"https:\/\/www.suwena.net\/wp-content\/uploads\/2009\/05\/Skorgenes-layout.png\" alt=\"Skorgenes 335 pohjapiirustus\" width=\"260\" height=\"300\" class=\"size-full wp-image-13773\" srcset=\"https:\/\/www.suwena.net\/wp-content\/uploads\/2009\/05\/Skorgenes-layout.png 260w, https:\/\/www.suwena.net\/wp-content\/uploads\/2009\/05\/Skorgenes-layout-146x169.png 146w\" sizes=\"(max-width: 260px) 100vw, 260px\" \/><\/a><figcaption id=\"caption-attachment-13773\" class=\"wp-caption-text\">Skorgenes 335 pohjapiirustus<\/figcaption><\/figure>\n<p>Yl\u00e4ohjaamo<\/p>\n<p>Suwenan yl\u00e4ohjaamossa on k\u00e4\u00e4nnett\u00e4v\u00e4 kuljettajanistuin (1) ja istumapaikat kolmelle sek\u00e4 pieni k\u00e4\u00e4ntyv\u00e4 soikea p\u00f6yt\u00e4 niiden v\u00e4liss\u00e4. Portaat alakertaan (2) on veneen vasemmalla puolella. Portaiden yl\u00e4p\u00e4\u00e4ss\u00e4 on luukku, joka voidaan sulkea, mik\u00e4li haluaa ylh\u00e4\u00e4ll\u00e4 ollessaan enemm\u00e4n lattiatilaa tai pit\u00e4\u00e4 luukun kiinni turvallisuussyist\u00e4. Samalla luukulla estet\u00e4\u00e4n vesisateen p\u00e4\u00e4sy alakertaan. Auringonpalvontaa varten istuinsohvan selk\u00e4nojan voi k\u00e4\u00e4nt\u00e4\u00e4 alas, jolloin siit\u00e4 syntyy kunnollinen lepotaso (3).<br \/>\n<figure id=\"attachment_13777\" aria-describedby=\"caption-attachment-13777\" style=\"width: 1400px\" class=\"wp-caption alignnone\"><a href=\"https:\/\/www.suwena.net\/wp-content\/uploads\/2009\/05\/IMG_0775a.JPG\"><img loading=\"lazy\" src=\"https:\/\/www.suwena.net\/wp-content\/uploads\/2009\/05\/IMG_0775a.JPG\" alt=\"Suwenan yl\u00e4ohjaamo\" width=\"1400\" height=\"789\" class=\"size-full wp-image-13777\" srcset=\"https:\/\/www.suwena.net\/wp-content\/uploads\/2009\/05\/IMG_0775a.JPG 3264w, https:\/\/www.suwena.net\/wp-content\/uploads\/2009\/05\/IMG_0775a-300x169.jpg 300w, https:\/\/www.suwena.net\/wp-content\/uploads\/2009\/05\/IMG_0775a-766x432.jpg 766w, https:\/\/www.suwena.net\/wp-content\/uploads\/2009\/05\/IMG_0775a-768x432.jpg 768w, https:\/\/www.suwena.net\/wp-content\/uploads\/2009\/05\/IMG_0775a-1437x810.jpg 1437w, https:\/\/www.suwena.net\/wp-content\/uploads\/2009\/05\/IMG_0775a-1440x810.jpg 1440w\" sizes=\"(max-width: 1400px) 100vw, 1400px\" \/><\/a><figcaption id=\"caption-attachment-13777\" class=\"wp-caption-text\">Suwenan yl\u00e4ohjaamo<\/figcaption><\/figure><br \/>\nAjoaikana yl\u00e4ohjaamossa voi oleskella enint\u00e4\u00e4n nelj\u00e4 henkil\u00f6\u00e4, mutta satamassa siihen on joskus mahtunut jopa kuusikin<br \/>\n<figure id=\"attachment_13781\" aria-describedby=\"caption-attachment-13781\" style=\"width: 1400px\" class=\"wp-caption alignnone\"><a href=\"https:\/\/www.suwena.net\/wp-content\/uploads\/2009\/05\/IMG_0778a.JPG\"><img loading=\"lazy\" src=\"https:\/\/www.suwena.net\/wp-content\/uploads\/2009\/05\/IMG_0778a.JPG\" alt=\"Suwenan aurinkokansi\" width=\"1400\" height=\"789\" class=\"size-full wp-image-13781\" srcset=\"https:\/\/www.suwena.net\/wp-content\/uploads\/2009\/05\/IMG_0778a.JPG 3119w, https:\/\/www.suwena.net\/wp-content\/uploads\/2009\/05\/IMG_0778a-300x169.jpg 300w, https:\/\/www.suwena.net\/wp-content\/uploads\/2009\/05\/IMG_0778a-766x432.jpg 766w, https:\/\/www.suwena.net\/wp-content\/uploads\/2009\/05\/IMG_0778a-768x432.jpg 768w, https:\/\/www.suwena.net\/wp-content\/uploads\/2009\/05\/IMG_0778a-1437x810.jpg 1437w, https:\/\/www.suwena.net\/wp-content\/uploads\/2009\/05\/IMG_0778a-1440x810.jpg 1440w\" sizes=\"(max-width: 1400px) 100vw, 1400px\" \/><\/a><figcaption id=\"caption-attachment-13781\" class=\"wp-caption-text\">Suwenan aurinkokansi<\/figcaption><\/figure><\/p>\n<p>Kannet <\/p>\n<p>Etukannella (4) on tilava ankkuriboksi ja etukajuutan kattoikkuna. Sivukannet (5) ovat sek\u00e4 oikealla ett\u00e4 vasemmalla puolella. Sivukansien leveys on 18 cm ja niiden reunassa kulkee koko pituudella ter\u00e4ksinen kaide.<\/p>\n<p>Suwenan uimataso (6) ja takakansi (7) on p\u00e4\u00e4llystetty tiikill\u00e4. Takakannella on my\u00f6s luukku moottoritilaan ja tavaran s\u00e4ilytystilaan. Portaat yl\u00e4kannelle (8) on veneen vasemmalla puolella. Sis\u00e4tiloihin p\u00e4\u00e4see tummennetun lasiliukuoven (9) kautta.<br \/>\n<figure id=\"attachment_13785\" aria-describedby=\"caption-attachment-13785\" style=\"width: 1400px\" class=\"wp-caption alignnone\"><a href=\"https:\/\/www.suwena.net\/wp-content\/uploads\/2009\/05\/IMG_0845a.JPG\"><img loading=\"lazy\" src=\"https:\/\/www.suwena.net\/wp-content\/uploads\/2009\/05\/IMG_0845a.JPG\" alt=\"Suwenan takakansi\" width=\"1400\" height=\"789\" class=\"size-full wp-image-13785\" srcset=\"https:\/\/www.suwena.net\/wp-content\/uploads\/2009\/05\/IMG_0845a.JPG 3264w, https:\/\/www.suwena.net\/wp-content\/uploads\/2009\/05\/IMG_0845a-300x169.jpg 300w, https:\/\/www.suwena.net\/wp-content\/uploads\/2009\/05\/IMG_0845a-766x432.jpg 766w, https:\/\/www.suwena.net\/wp-content\/uploads\/2009\/05\/IMG_0845a-768x432.jpg 768w, https:\/\/www.suwena.net\/wp-content\/uploads\/2009\/05\/IMG_0845a-1437x810.jpg 1437w, https:\/\/www.suwena.net\/wp-content\/uploads\/2009\/05\/IMG_0845a-1440x810.jpg 1440w\" sizes=\"(max-width: 1400px) 100vw, 1400px\" \/><\/a><figcaption id=\"caption-attachment-13785\" class=\"wp-caption-text\">Suwenan takakansi<\/figcaption><\/figure><br \/>\n<figure id=\"attachment_13789\" aria-describedby=\"caption-attachment-13789\" style=\"width: 1400px\" class=\"wp-caption alignnone\"><a href=\"https:\/\/www.suwena.net\/wp-content\/uploads\/2009\/05\/IMG_0848a.JPG\"><img loading=\"lazy\" src=\"https:\/\/www.suwena.net\/wp-content\/uploads\/2009\/05\/IMG_0848a.JPG\" alt=\"Suwenan takakansi\" width=\"1400\" height=\"789\" class=\"size-full wp-image-13789\" srcset=\"https:\/\/www.suwena.net\/wp-content\/uploads\/2009\/05\/IMG_0848a.JPG 3083w, https:\/\/www.suwena.net\/wp-content\/uploads\/2009\/05\/IMG_0848a-300x169.jpg 300w, https:\/\/www.suwena.net\/wp-content\/uploads\/2009\/05\/IMG_0848a-766x432.jpg 766w, https:\/\/www.suwena.net\/wp-content\/uploads\/2009\/05\/IMG_0848a-768x432.jpg 768w, https:\/\/www.suwena.net\/wp-content\/uploads\/2009\/05\/IMG_0848a-1437x810.jpg 1437w, https:\/\/www.suwena.net\/wp-content\/uploads\/2009\/05\/IMG_0848a-1440x810.jpg 1440w\" sizes=\"(max-width: 1400px) 100vw, 1400px\" \/><\/a><figcaption id=\"caption-attachment-13789\" class=\"wp-caption-text\">Suwenan takakansi<\/figcaption><\/figure><\/p>\n<p>Sis\u00e4tilat<\/p>\n<p>Veneen oikealta puolelta l\u00f6ytyv\u00e4t pentteri (10) sek\u00e4 sis\u00e4ohjaamo (11). Vasemmalla puolella on U-mallinen sohva (12), jonka yhteydess\u00e4 on kaapillinen p\u00f6yt\u00e4. Suwenan etuosassa on keulakajuutta kahdelle hengelle (13), keskell\u00e4 kahden hengen keskikajuutta (14) sek\u00e4 WC\/suihkutila (15). Suihkutilassa on t\u00e4ysi seisomakorkeus.<br \/>\n<figure id=\"attachment_13793\" aria-describedby=\"caption-attachment-13793\" style=\"width: 1400px\" class=\"wp-caption alignnone\"><a href=\"https:\/\/www.suwena.net\/wp-content\/uploads\/2009\/05\/IMG_0782a.JPG\"><img loading=\"lazy\" src=\"https:\/\/www.suwena.net\/wp-content\/uploads\/2009\/05\/IMG_0782a.JPG\" alt=\"Suwenan salonki\" width=\"1400\" height=\"789\" class=\"size-full wp-image-13793\" srcset=\"https:\/\/www.suwena.net\/wp-content\/uploads\/2009\/05\/IMG_0782a.JPG 3264w, https:\/\/www.suwena.net\/wp-content\/uploads\/2009\/05\/IMG_0782a-300x169.jpg 300w, https:\/\/www.suwena.net\/wp-content\/uploads\/2009\/05\/IMG_0782a-766x432.jpg 766w, https:\/\/www.suwena.net\/wp-content\/uploads\/2009\/05\/IMG_0782a-768x432.jpg 768w, https:\/\/www.suwena.net\/wp-content\/uploads\/2009\/05\/IMG_0782a-1437x810.jpg 1437w, https:\/\/www.suwena.net\/wp-content\/uploads\/2009\/05\/IMG_0782a-1440x810.jpg 1440w\" sizes=\"(max-width: 1400px) 100vw, 1400px\" \/><\/a><figcaption id=\"caption-attachment-13793\" class=\"wp-caption-text\">Suwenan salonki<\/figcaption><\/figure><\/p>\n","protected":false},"excerpt":{"rendered":"<p>Yl\u00e4ohjaamo Suwenan yl\u00e4ohjaamossa on k\u00e4\u00e4nnett\u00e4v\u00e4 kuljettajanistuin (1) ja istumapaikat kolmelle sek\u00e4 pieni k\u00e4\u00e4ntyv\u00e4 soikea p\u00f6yt\u00e4 niiden v\u00e4liss\u00e4. Portaat alakertaan (2) on veneen vasemmalla puolella. Portaiden yl\u00e4p\u00e4\u00e4ss\u00e4 on luukku, joka voidaan sulkea, mik\u00e4li haluaa ylh\u00e4\u00e4ll\u00e4 ollessaan enemm\u00e4n lattiatilaa tai pit\u00e4\u00e4 luukun<\/p>\n","protected":false},"author":2,"featured_media":0,"parent":0,"menu_order":0,"comment_status":"open","ping_status":"closed","template":"","meta":[],"_links":{"self":[{"href":"https:\/\/www.suwena.net\/fi\/wp-json\/wp\/v2\/pages\/13795"}],"collection":[{"href":"https:\/\/www.suwena.net\/fi\/wp-json\/wp\/v2\/pages"}],"about":[{"href":"https:\/\/www.suwena.net\/fi\/wp-json\/wp\/v2\/types\/page"}],"author":[{"embeddable":true,"href":"https:\/\/www.suwena.net\/fi\/wp-json\/wp\/v2\/users\/2"}],"replies":[{"embeddable":true,"href":"https:\/\/www.suwena.net\/fi\/wp-json\/wp\/v2\/comments?post=13795"}],"version-history":[{"count":0,"href":"https:\/\/www.suwena.net\/fi\/wp-json\/wp\/v2\/pages\/13795\/revisions"}],"wp:attachment":[{"href":"https:\/\/www.suwena.net\/fi\/wp-json\/wp\/v2\/media?parent=13795"}],"curies":[{"name":"wp","href":"https:\/\/api.w.org\/{rel}","templated":true}]}}