
{"id":13831,"date":"2010-09-12T17:37:10","date_gmt":"2010-09-12T17:37:10","guid":{"rendered":"https:\/\/www.suwena.net\/kirjasto\/"},"modified":"2020-02-24T20:33:26","modified_gmt":"2020-02-24T20:33:26","slug":"kirjasto","status":"publish","type":"page","link":"https:\/\/www.suwena.net\/fi\/kirjasto\/","title":{"rendered":"Kirjasto"},"content":{"rendered":"<p>Kirjastomme koostuu erilaisista veneilyaiheisista jutuista, artikkeleista ja julkaisuista, joista toivomme olevan muillekin hupia ja hy\u00f6ty\u00e4.<\/p>\n<h3>Omat julkaisut<\/h3>\n<ul class=\"menu\">\n<li class=\"leaf first\"><a href=\"https:\/\/www.suwena.net\/fi\/kansainvaliset-viestiliput\/\">Kansainv\u00e4liset viestiliput<\/a><\/li>\n<\/ul>\n<h3>Lehtijuttuja Suwenasta<\/h3>\n<ul class=\"menu\">\n<li class=\"leaf\">Lehtijuttu Suwenan mastoaskelmist\u00e4 ilmestyi <a href=\"https:\/\/www.suwena.net\/wp-content\/uploads\/2016\/11\/compass_online_2016_11.pdf\">marraskuun 2016 Carribean Compass<\/a> lehdess\u00e4.<\/li>\n<li class=\"leaf first\">Suwenan kes\u00e4seikkailun 2009 matkaveneilytarina Oulun Merenk\u00e4vij\u00f6iden j\u00e4senlehti Ry\u00f6pyss\u00e4: <a href=\"https:\/\/www.suwena.net\/wp-content\/uploads\/2010\/09\/ryoppy_2_2010_lores.pdf\">Oulusta P\u00e4rnun kautta R\u00f6ytt\u00e4\u00e4n<\/a>.<\/li>\n<\/ul>\n","protected":false},"excerpt":{"rendered":"<p>Kirjastomme koostuu erilaisista veneilyaiheisista jutuista, artikkeleista ja julkaisuista, joista toivomme olevan muillekin hupia ja hy\u00f6ty\u00e4. Omat julkaisut Kansainv\u00e4liset viestiliput Lehtijuttuja Suwenasta Lehtijuttu Suwenan mastoaskelmist\u00e4 ilmestyi marraskuun 2016 Carribean Compass lehdess\u00e4. Suwenan kes\u00e4seikkailun 2009 matkaveneilytarina Oulun Merenk\u00e4vij\u00f6iden j\u00e4senlehti Ry\u00f6pyss\u00e4: Oulusta P\u00e4rnun<\/p>\n","protected":false},"author":1,"featured_media":0,"parent":0,"menu_order":0,"comment_status":"open","ping_status":"closed","template":"","meta":[],"_links":{"self":[{"href":"https:\/\/www.suwena.net\/fi\/wp-json\/wp\/v2\/pages\/13831"}],"collection":[{"href":"https:\/\/www.suwena.net\/fi\/wp-json\/wp\/v2\/pages"}],"about":[{"href":"https:\/\/www.suwena.net\/fi\/wp-json\/wp\/v2\/types\/page"}],"author":[{"embeddable":true,"href":"https:\/\/www.suwena.net\/fi\/wp-json\/wp\/v2\/users\/1"}],"replies":[{"embeddable":true,"href":"https:\/\/www.suwena.net\/fi\/wp-json\/wp\/v2\/comments?post=13831"}],"version-history":[{"count":0,"href":"https:\/\/www.suwena.net\/fi\/wp-json\/wp\/v2\/pages\/13831\/revisions"}],"wp:attachment":[{"href":"https:\/\/www.suwena.net\/fi\/wp-json\/wp\/v2\/media?parent=13831"}],"curies":[{"name":"wp","href":"https:\/\/api.w.org\/{rel}","templated":true}]}}