
{"id":13859,"date":"2010-09-19T18:28:30","date_gmt":"2010-09-19T18:28:30","guid":{"rendered":"https:\/\/www.suwena.net\/kansainvaliset-viestiliput\/"},"modified":"2010-09-19T18:28:30","modified_gmt":"2010-09-19T18:28:30","slug":"kansainvaliset-viestiliput","status":"publish","type":"page","link":"https:\/\/www.suwena.net\/fi\/kansainvaliset-viestiliput\/","title":{"rendered":"Kansainv\u00e4liset viestiliput"},"content":{"rendered":"<p><em>Kuinka sanotaan vieraskieliselle, haluan yhteyden teihin?<\/em><\/p>\n<p><!--more--><br \/>\n<em>Kuinka sanotaan vieraskieliselle, haluan yhteyden teihin?<\/em><\/p>\n<p>Suwenan valmistautuessa Saimaan kanavaan kes\u00e4kuussa 2010 tuli meille eteen ensimm\u00e4ist\u00e4 kertaa EU:n ulkopuolisilla vesill\u00e4 liikkuminen. Saimaan kanavaohjeessa suositeltiin, ett\u00e4 aluksella tulisi tuntea ainakin 1-kirjaimiset kansainv\u00e4liset viestiliput, mik\u00e4li Ven\u00e4j\u00e4n rajavartiosto haluaa kommunikoida aluksen kanssa. T\u00e4ss\u00e4 tapauksessa L-lippu lienee t\u00e4rkein, koska sill\u00e4 k\u00e4sket\u00e4\u00e4n aluksen pys\u00e4hty\u00e4. Toki Suwenassa on VHF, jota kulussa aina kuuntelemme. Kuten ohjeessa neuvottiin, kun ven\u00e4l\u00e4inen sota-alus pyyt\u00e4\u00e4 mill\u00e4 viestint\u00e4tavalla tahansa pys\u00e4htym\u00e4\u00e4n, sit\u00e4 on syyt\u00e4 noudattaa. Niinp\u00e4 p\u00e4\u00e4ttelimme, ett\u00e4 kyll\u00e4 Suwena pys\u00e4htyy kuin sein\u00e4\u00e4n, kun veli naapuri ilmoittaa halunsa keskustella kanssamme. Matkallamme Ven\u00e4j\u00e4n Federaation vesialueen l\u00e4pi emme tarvinneet heid\u00e4n kanssa sen enemp\u00e4\u00e4 VHF:\u00e4\u00e4 kuin viestilippuja, mutta opimme j\u00e4lleen uusia merimiestaitoja.<\/p>\n<p>Muista viestilipuista A- ja Q-liput ovat monelle vesill\u00e4 seilanneelle ennalta tuttuja. A-lipulla kerrotaan toisille aluksille, ett\u00e4 meill\u00e4 on sukeltaja vedess\u00e4. Kun taas Q-lippu on tullut varmasti pitk\u00e4n matkan seilaajille tutuksi, kun heid\u00e4n on pit\u00e4nyt tullata alus maahan saapuessaan. Google kyll\u00e4 l\u00f6ysi tietoa viestilipuista, mutta lyhytt\u00e4 tulostettavaa sivua asian tiimoilta emme l\u00f6yt\u00e4neet. Niinp\u00e4 Andrus sai idean kasata muistikortin 1-kirjaimisista viestilipuista. <\/p>\n<p><strong>Pikaopas<\/strong><\/p>\n<ul class=\"menu\">\n<li class=\"leaf first\"><a href=\"https:\/\/www.suwena.net\/wp-content\/uploads\/2010\/09\/International_Signal_Flags_FI.pdf\">Kansainv\u00e4liset viestiliput<\/a><\/li>\n<li class=\"leaf\"><a href=\"https:\/\/www.suwena.net\/wp-content\/uploads\/2010\/09\/International_Signal_Flags_EN.pdf\">Kansainv\u00e4liset viestiliput (englanniksi)<\/a><\/li>\n<\/ul>\n<p>Viestilipuilla sanojen tavaaminen on hidasta ja hankalaa, joten niille on sovittu kansainv\u00e4liset monikirjaimiset koodit. Tunnetuin 2-kirjaiminen koodi on NC, joka tarkoittaa h\u00e4t\u00e4merkki\u00e4. V\u00e4hemm\u00e4n tunnettua on, ett\u00e4 viestilippujen koodikielell\u00e4 voi v\u00e4litt\u00e4\u00e4 viestej\u00e4 muilla kanavilla kuten esimerkiksi morsettamalla lipuilla, k\u00e4sill\u00e4, vilkkuvalolla tai \u00e4\u00e4nimerkill\u00e4 sek\u00e4 kansainv\u00e4lisill\u00e4 tavausaakkosilla megafonin, VHF:n tai SSB radion kautta. Monikirjaimisten viestien tulkintakirja kuuluu mm. kansainv\u00e4listen laivojen varusteisiin.<\/p>\n<p>Euroopasta emme l\u00f6yt\u00e4neet vapaasti ladattavaa monikirjaimisten viestien koodikirjaa. L\u00f6ysimme kuitenkin International Code of Signals -teoksen, jonka Yhdysvaltojen hallinto on julkaissut vapaasti kaikkien k\u00e4ytt\u00f6\u00f6n. Vaikka kyseinen teos on USA:n versio, perustuu julkaisu kansainv\u00e4lisiin sopimuksiin.  <\/p>\n<p><strong>International Code of Signals<\/strong><\/p>\n<ul class=\"menu\">\n<li class=\"leaf first\"><a href=\"https:\/\/www.suwena.net\/wp-content\/uploads\/2010\/09\/Covers.pdf\">Cover<\/a><\/li>\n<li class=\"leaf\"><a href=\"https:\/\/www.suwena.net\/wp-content\/uploads\/2010\/09\/Firstmatter.pdf\">Preface<\/a><\/li>\n<li class=\"leaf\"><a href=\"https:\/\/www.suwena.net\/wp-content\/uploads\/2010\/09\/IcosbkTOC.pdf\">Contents<\/a><\/li>\n<li class=\"leaf\"><a href=\"https:\/\/www.suwena.net\/wp-content\/uploads\/2010\/09\/Chapter1.pdf\">Signaling instructions<\/a><\/li>\n<li class=\"leaf\"><a href=\"https:\/\/www.suwena.net\/wp-content\/uploads\/2010\/09\/Chapter2.pdf\">General Signal Code<\/a><\/li>\n<li class=\"leaf\"><a href=\"https:\/\/www.suwena.net\/wp-content\/uploads\/2010\/09\/Chapter3.pdf\">Medical Signal Code<\/a><\/li>\n<li class=\"leaf\"><a href=\"https:\/\/www.suwena.net\/wp-content\/uploads\/2010\/09\/Chapter4.pdf\">Distress and Lifesaving Signals<\/a><\/li>\n<li class=\"leaf\"><a href=\"https:\/\/www.suwena.net\/wp-content\/uploads\/2010\/09\/Appendix.pdf\">Appendix<\/a><\/li>\n<li class=\"leaf\"><a href=\"https:\/\/www.suwena.net\/wp-content\/uploads\/2010\/09\/IcosbkTOCIndex.pdf\">Indexes<\/a><\/li>\n<li class=\"leaf\"><a href=\"https:\/\/www.suwena.net\/wp-content\/uploads\/2010\/09\/IcosbkSignalIndex.pdf\">Signaling Index<\/a><\/li>\n<li class=\"leaf\"><a href=\"https:\/\/www.suwena.net\/wp-content\/uploads\/2010\/09\/IcosbkMedicalIndex.pdf\">Medical Index<\/a><\/li>\n<\/ul>\n<p>T\u00e4ll\u00e4 viestilippujen pikaoppaalla haluamme viesti\u00e4 muille veneilij\u00f6ille koodin UW.<\/p>\n","protected":false},"excerpt":{"rendered":"<p>Kuinka sanotaan vieraskieliselle, haluan yhteyden teihin?<\/p>\n","protected":false},"author":2,"featured_media":0,"parent":0,"menu_order":0,"comment_status":"open","ping_status":"closed","template":"","meta":[],"_links":{"self":[{"href":"https:\/\/www.suwena.net\/fi\/wp-json\/wp\/v2\/pages\/13859"}],"collection":[{"href":"https:\/\/www.suwena.net\/fi\/wp-json\/wp\/v2\/pages"}],"about":[{"href":"https:\/\/www.suwena.net\/fi\/wp-json\/wp\/v2\/types\/page"}],"author":[{"embeddable":true,"href":"https:\/\/www.suwena.net\/fi\/wp-json\/wp\/v2\/users\/2"}],"replies":[{"embeddable":true,"href":"https:\/\/www.suwena.net\/fi\/wp-json\/wp\/v2\/comments?post=13859"}],"version-history":[{"count":0,"href":"https:\/\/www.suwena.net\/fi\/wp-json\/wp\/v2\/pages\/13859\/revisions"}],"wp:attachment":[{"href":"https:\/\/www.suwena.net\/fi\/wp-json\/wp\/v2\/media?parent=13859"}],"curies":[{"name":"wp","href":"https:\/\/api.w.org\/{rel}","templated":true}]}}