
{"id":13867,"date":"2011-01-10T17:05:05","date_gmt":"2011-01-10T17:05:05","guid":{"rendered":"https:\/\/www.suwena.net\/2008-2010-skorgenes-335-fly\/"},"modified":"2020-02-24T20:30:22","modified_gmt":"2020-02-24T20:30:22","slug":"2008-2010-skorgenes-335-fly","status":"publish","type":"page","link":"https:\/\/www.suwena.net\/fi\/2008-2010-skorgenes-335-fly\/","title":{"rendered":"2008-2010 Skorgenes 335 Fly"},"content":{"rendered":"<p><em>Lue lis\u00e4\u00e4: <a href=\"https:\/\/www.suwena.net\/fi\/pohjapiirrustus\/\">Pohjapiirustukset<\/a>, <a href=\"https:\/\/www.suwena.net\/fi\/laitteet\/\">Laitteet<\/a><\/em><\/p>\n<p>Veneemme nimi on Suwena. Suwenan nimi l\u00f6ytyi sattumalta Phuketissa Thaimaassa. Olimme tilaamassa kalaravintolassa pizzaa merenel\u00e4vill\u00e4, kun Andrus huomasi tarjoilijattaren nimen nimilapussa: Suweena. Kun hetke\u00e4 aiemmin olimme keskustelleet juuri tulevan veneemme nimest\u00e4, niin palaset loksahtivat heti kohdalleen ja n\u00e4in veneemme sai nimekseen Suwena.<br \/>\n<figure id=\"attachment_13865\" aria-describedby=\"caption-attachment-13865\" style=\"width: 1440px\" class=\"wp-caption alignnone\"><a href=\"https:\/\/www.suwena.net\/wp-content\/uploads\/2011\/01\/IMG_0685a.JPG\"><img loading=\"lazy\" width=\"1440\" height=\"810\" src=\"https:\/\/www.suwena.net\/wp-content\/uploads\/2011\/01\/IMG_0685a-1440x810.jpg\" alt=\"Suwena ankkurissa Villingin Kyl\u00e4nlahdella\" class=\"size-featured-blog-large wp-image-13865\" srcset=\"https:\/\/www.suwena.net\/wp-content\/uploads\/2011\/01\/IMG_0685a-1440x810.jpg 1440w, https:\/\/www.suwena.net\/wp-content\/uploads\/2011\/01\/IMG_0685a-300x169.jpg 300w, https:\/\/www.suwena.net\/wp-content\/uploads\/2011\/01\/IMG_0685a-766x432.jpg 766w, https:\/\/www.suwena.net\/wp-content\/uploads\/2011\/01\/IMG_0685a-768x432.jpg 768w\" sizes=\"(max-width: 1440px) 100vw, 1440px\" \/><\/a><figcaption id=\"caption-attachment-13865\" class=\"wp-caption-text\">Suwena ankkurissa Villingin Kyl\u00e4nlahdella<\/figcaption><\/figure><br \/>\nNimess\u00e4 meit\u00e4 vieh\u00e4tti sen pehmoisuus ja tietysti my\u00f6s nimen l\u00e4heinen viittaus Suomen kes\u00e4\u00e4n, sill\u00e4 asumme niin pohjoisessa, ett\u00e4 Suwena on k\u00e4yt\u00f6ss\u00e4 vain suvena.<\/p>\n<p>Suwena on 34-jalkainen yl\u00e4ohjaamollinen liukuva matkavene. Suwenan mallinimi on Skorgenes Sonic 335 ja valmistusvuosi 2008.<\/p>\n<p>Miksi juuri t\u00e4m\u00e4 vene? Tarkoituksemme on kulkea koko It\u00e4meren alueella, joten haimme markkinoilta venett\u00e4, jossa olisi runsaasti s\u00e4ilytystilaa sek\u00e4 oma suihku ja WC. Merikelpoisuudesta ajateltiin, ett\u00e4 CE-hyv\u00e4ksynn\u00e4n B-luokka luo parhaat edellytykset suunnitelmiemme toteuttamiseen. Makuupaikkojen m\u00e4\u00e4r\u00e4ll\u00e4 ei meill\u00e4 ollut v\u00e4li\u00e4, mutta yl\u00e4ohjaamo oli selke\u00e4sti plussaa. Koeajettuamme useammankin valmistajan veneit\u00e4, p\u00e4\u00e4dyimme Skorgenesiin, koska se t\u00e4ytti vaatimuksemme. Vieh\u00e4tyimme sen ajettavuuteen, pohjapiirrustukseen, ulkon\u00e4k\u00f6\u00f6n sek\u00e4 sen hyv\u00e4\u00e4n hinta-laatu suhteeseen. Se tuntui heti ensitapaamisellamme omalta veneelt\u00e4.<\/p>\n<p>Suwenan tekniset tiedot:<\/p>\n<table border=\"0\" width=\"100%\">\n<tbody style=\"border-top: none; border-bottom: none\">\n<tr>\n<td>Pituus:<\/td>\n<td>10.30 m<\/td>\n<\/tr>\n<tr>\n<td>Leveys:<\/td>\n<td>3.38 m<\/td>\n<\/tr>\n<tr>\n<td>Syv\u00e4ys:<\/td>\n<td>0.9 m<\/td>\n<\/tr>\n<tr>\n<td>Tyhj\u00e4paino:<\/td>\n<td>6000 kg<\/td>\n<\/tr>\n<tr>\n<td>Runkomateriaali:<\/td>\n<td>lasikuitu<\/td>\n<\/tr>\n<tr>\n<td>&nbsp;<\/td>\n<\/tr>\n<tr>\n<td>Moottori:<\/td>\n<td>Volvo Penta D6, 370 hv<\/td>\n<\/tr>\n<tr>\n<td>Vetolaite:<\/td>\n<td>akseliveto<\/td>\n<\/tr>\n<tr>\n<td>Huippunopeus:<\/td>\n<td>26 solmua<\/td>\n<\/tr>\n<tr>\n<td>Matkanopeus:<\/td>\n<td>17-22 solmua<\/td>\n<\/tr>\n<tr>\n<td>Matka:<\/td>\n<td>noin 200 nm<\/td>\n<\/tr>\n<tr>\n<td>&nbsp;<\/td>\n<\/tr>\n<tr>\n<td>CE-hyv\u00e4ksynt\u00e4:<\/td>\n<td>B-kategoria<\/td>\n<\/tr>\n<tr>\n<td>&nbsp;<\/td>\n<\/tr>\n<tr>\n<td>Polttoaine:<\/td>\n<td>680 l<\/td>\n<\/tr>\n<tr>\n<td>Vesi:<\/td>\n<td>300 l (270 l s\u00e4ili\u00f6 + 30 l l\u00e4mminvesivaraaja)<\/td>\n<\/tr>\n<tr>\n<td>Septi:<\/td>\n<td>100 l<\/td>\n<\/tr>\n<tr>\n<td>&nbsp;<\/td>\n<\/tr>\n<tr>\n<td>Kajuutat:<\/td>\n<td>2 kpl<\/td>\n<\/tr>\n<tr>\n<td>Y\u00f6pymispaikat:<\/td>\n<td>4 hl\u00f6<\/td>\n<\/tr>\n<\/tbody>\n<\/table>\n","protected":false},"excerpt":{"rendered":"<p>Lue lis\u00e4\u00e4: Pohjapiirustukset, Laitteet Veneemme nimi on Suwena. Suwenan nimi l\u00f6ytyi sattumalta Phuketissa Thaimaassa. Olimme tilaamassa kalaravintolassa pizzaa merenel\u00e4vill\u00e4, kun Andrus huomasi tarjoilijattaren nimen nimilapussa: Suweena. Kun hetke\u00e4 aiemmin olimme keskustelleet juuri tulevan veneemme nimest\u00e4, niin palaset loksahtivat heti kohdalleen<\/p>\n","protected":false},"author":1,"featured_media":0,"parent":0,"menu_order":0,"comment_status":"open","ping_status":"closed","template":"","meta":[],"_links":{"self":[{"href":"https:\/\/www.suwena.net\/fi\/wp-json\/wp\/v2\/pages\/13867"}],"collection":[{"href":"https:\/\/www.suwena.net\/fi\/wp-json\/wp\/v2\/pages"}],"about":[{"href":"https:\/\/www.suwena.net\/fi\/wp-json\/wp\/v2\/types\/page"}],"author":[{"embeddable":true,"href":"https:\/\/www.suwena.net\/fi\/wp-json\/wp\/v2\/users\/1"}],"replies":[{"embeddable":true,"href":"https:\/\/www.suwena.net\/fi\/wp-json\/wp\/v2\/comments?post=13867"}],"version-history":[{"count":0,"href":"https:\/\/www.suwena.net\/fi\/wp-json\/wp\/v2\/pages\/13867\/revisions"}],"wp:attachment":[{"href":"https:\/\/www.suwena.net\/fi\/wp-json\/wp\/v2\/media?parent=13867"}],"curies":[{"name":"wp","href":"https:\/\/api.w.org\/{rel}","templated":true}]}}